{"id":27382,"date":"2021-02-11T19:00:47","date_gmt":"2021-02-11T18:00:47","guid":{"rendered":"https:\/\/maino.it\/diventa-rivenditore\/"},"modified":"2021-06-15T16:21:10","modified_gmt":"2021-06-15T14:21:10","slug":"devenir-revendeur","status":"publish","type":"page","link":"https:\/\/maino.it\/fr\/devenir-revendeur\/","title":{"rendered":"Devenir revendeur"},"content":{"rendered":"\n<h1 class=\"wp-block-heading\">Devenir revendeur<\/h1>\n\n\n\n<p>Le d\u00e9sir de collaborer activement pour le changement, en investissant toujours et uniquement dans des produits de la plus haute qualit\u00e9 et 100% Fabriqu\u00e9s en Italie. Ces raisons et bien d&rsquo;autres sont ce que nous, chez <strong>Maino Industries<\/strong>, recherchons chez nos revendeurs : si vous \u00eates int\u00e9ress\u00e9, contactez-nous pour plus d&rsquo;informations !<\/p>\n\n\n<section class=\"form triangle\">\n    <div class=\"form-inner\">\n        \n<div class=\"wpcf7 no-js\" id=\"wpcf7-f28848-o1\" lang=\"fr-FR\" dir=\"ltr\" data-wpcf7-id=\"28848\">\n<div class=\"screen-reader-response\"><p role=\"status\" aria-live=\"polite\" aria-atomic=\"true\"><\/p> <ul><\/ul><\/div>\n<form action=\"\/fr\/wp-json\/wp\/v2\/pages\/27382#wpcf7-f28848-o1\" method=\"post\" class=\"wpcf7-form init dbffb5fc2154 cmatic-conn cmatic-aud-1 cmatic-mapd0-0 cmatic-v097802 cmatic-sent-0 cmatic-total-142\" aria-label=\"Formulaire de contact\" novalidate=\"novalidate\" data-status=\"init\">\n<fieldset class=\"hidden-fields-container\"><input type=\"hidden\" name=\"_wpcf7\" value=\"28848\" \/><input type=\"hidden\" name=\"_wpcf7_version\" value=\"6.1.5\" \/><input type=\"hidden\" name=\"_wpcf7_locale\" value=\"fr_FR\" \/><input type=\"hidden\" name=\"_wpcf7_unit_tag\" value=\"wpcf7-f28848-o1\" \/><input type=\"hidden\" name=\"_wpcf7_container_post\" value=\"0\" \/><input type=\"hidden\" name=\"_wpcf7_posted_data_hash\" value=\"\" \/>\n<\/fieldset>\n<h4>Envoyer une demande\n<\/h4>\n<div class=\"row\">\n\t<div class=\"col-12 col-md-6\">\n\t\t<p><label>Pr\u00e9nom*<\/label><span class=\"wpcf7-form-control-wrap\" data-name=\"nome\"><input size=\"40\" maxlength=\"400\" class=\"wpcf7-form-control wpcf7-text wpcf7-validates-as-required\" aria-required=\"true\" aria-invalid=\"false\" value=\"\" type=\"text\" name=\"nome\" \/><\/span>\n\t\t<\/p>\n\t<\/div>\n\t<div class=\"col-12 col-md-6\">\n\t\t<p><label>Nom de famille*<\/label><span class=\"wpcf7-form-control-wrap\" data-name=\"cognome\"><input size=\"40\" maxlength=\"400\" class=\"wpcf7-form-control wpcf7-text wpcf7-validates-as-required\" aria-required=\"true\" aria-invalid=\"false\" value=\"\" type=\"text\" name=\"cognome\" \/><\/span>\n\t\t<\/p>\n\t<\/div>\n\t<div class=\"col-12 col-md-6\">\n\t\t<p><label>E-mail*<\/label><span class=\"wpcf7-form-control-wrap\" data-name=\"email\"><input size=\"40\" maxlength=\"400\" class=\"wpcf7-form-control wpcf7-email wpcf7-validates-as-required wpcf7-text wpcf7-validates-as-email\" aria-required=\"true\" aria-invalid=\"false\" value=\"\" type=\"email\" name=\"email\" \/><\/span>\n\t\t<\/p>\n\t<\/div>\n\t<div class=\"col-12 col-md-6\">\n\t\t<p><label>Telephone*<\/label><span class=\"wpcf7-form-control-wrap\" data-name=\"telefono\"><input size=\"40\" maxlength=\"400\" class=\"wpcf7-form-control wpcf7-text wpcf7-validates-as-required\" aria-required=\"true\" aria-invalid=\"false\" value=\"\" type=\"text\" name=\"telefono\" \/><\/span>\n\t\t<\/p>\n\t<\/div>\n\t<div class=\"col-12\">\n\t\t<p><label>Comment avez-vous entendu parler de nous?<\/label><span class=\"wpcf7-form-control-wrap\" data-name=\"informazioni\"><select class=\"wpcf7-form-control wpcf7-select\" aria-invalid=\"false\" name=\"informazioni\"><option value=\"\">&#8212;Veuillez choisir une option&#8212;<\/option><option value=\"Recherche sur Google\">Recherche sur Google<\/option><option value=\"Publicit\u00e9 en ligne\">Publicit\u00e9 en ligne<\/option><option value=\"Vu \u00e0 une foire\">Vu \u00e0 une foire<\/option><option value=\"Recommand\u00e9 par un ami\">Recommand\u00e9 par un ami<\/option><\/select><\/span><span id=\"wpcf7-69f440cd76187-wrapper\" class=\"wpcf7-form-control-wrap email-hp-wrap\" style=\"display:none !important; visibility:hidden !important;\"><label for=\"wpcf7-69f440cd76187-field\" class=\"hp-message\">Veuillez laisser ce champ vide.<\/label><input id=\"wpcf7-69f440cd76187-field\"  class=\"wpcf7-form-control wpcf7-text\" type=\"text\" name=\"email-hp\" value=\"\" size=\"40\" tabindex=\"-1\" autocomplete=\"new-password\" \/><\/span>\n\t\t<\/p>\n\t<\/div>\n\t<div class=\"col-12\">\n\t\t<p><label>Message*<\/label><span class=\"wpcf7-form-control-wrap\" data-name=\"messaggio\"><textarea cols=\"40\" rows=\"10\" maxlength=\"2000\" class=\"wpcf7-form-control wpcf7-textarea wpcf7-validates-as-required\" aria-required=\"true\" aria-invalid=\"false\" name=\"messaggio\"><\/textarea><\/span>\n\t\t<\/p>\n\t<\/div>\n\t<div class=\"form-bottom d-sm-flex justify-content-between w-100 align-items-center\">\n\t\t<div>\n\t\t\t<p><span class=\"wpcf7-form-control-wrap\" data-name=\"acceptance-check\"><span class=\"wpcf7-form-control wpcf7-acceptance\"><span class=\"wpcf7-list-item\"><label><input type=\"checkbox\" name=\"acceptance-check\" value=\"1\" aria-invalid=\"false\" \/><span class=\"wpcf7-list-item-label\">J&rsquo;accepte que les donn\u00e9es fournies soient utilis\u00e9es pour r\u00e9pondre \u00e0 ma demande.<\/span><\/label><\/span><\/span><\/span><br \/>\n<span class=\"wpcf7-form-control-wrap\" data-name=\"checkbox-check\"><span class=\"wpcf7-form-control wpcf7-checkbox\"><span class=\"wpcf7-list-item first last\"><label><input type=\"checkbox\" name=\"checkbox-check[]\" value=\"Je confirme avoir lu la Politique de Confidentialit\u00e9.\" \/><span class=\"wpcf7-list-item-label\">Je confirme avoir lu la Politique de Confidentialit\u00e9.<\/span><\/label><\/span><\/span><\/span>\n\t\t\t<\/p>\n\t\t<\/div>\n\t\t<p><input class=\"wpcf7-form-control wpcf7-submit has-spinner btn btn-primary\" type=\"submit\" value=\"Envoyer\" \/>\n\t\t<\/p>\n\t<\/div>\n\t<p style=\"font-size:11px; line-height:1.2em;\">Nous vous rappelons que les donn\u00e9es fournies seront trait\u00e9es au moyen d&rsquo;outils informatiques afin de donner suite \u00e0 votre demande dans le plein respect du R\u00e8glement UE n. 2016\/679 (GDPR). <a href=\"\/privacy-pilicy\/\">Privacy Policy<\/a>\n\t<\/p>\n<\/div><input type=\"hidden\" id=\"ct_checkjs_cf7_6883966fd8f918a4aa29be29d2c386fb\" name=\"ct_checkjs_cf7\" value=\"0\" \/><script >setTimeout(function(){var ct_input_name = \"ct_checkjs_cf7_6883966fd8f918a4aa29be29d2c386fb\";if (document.getElementById(ct_input_name) !== null) {var ct_input_value = document.getElementById(ct_input_name).value;document.getElementById(ct_input_name).value = document.getElementById(ct_input_name).value.replace(ct_input_value, '9f59bc4869bcd37a7b61f5cccb49b6e80aef28027c7ff29f3f0be761dca1e5d2');}}, 1000);<\/script><input\n                    class=\"apbct_special_field apbct_email_id__wp_contact_form_7\"\n                    name=\"apbct__email_id__wp_contact_form_7\"\n                    aria-label=\"apbct__label_id__wp_contact_form_7\"\n                    type=\"text\" size=\"30\" maxlength=\"200\" autocomplete=\"off\"\n                    value=\"\"\n                \/><div class=\"wpcf7-response-output\" aria-hidden=\"true\"><\/div>\n<\/form>\n<\/div>\n    <\/div>\n<\/section>\n\n\n<p><\/p>\n\n\n\n<div style=\"height:195px\" aria-hidden=\"true\" class=\"wp-block-spacer\"><\/div>\n\n\n\n<p><\/p>\n","protected":false},"excerpt":{"rendered":"<p>Devenir revendeur Le d\u00e9sir de collaborer activement pour le changement, en investissant toujours et uniquement dans des produits de la plus haute qualit\u00e9 et 100% Fabriqu\u00e9s en Italie. Ces raisons et bien d&rsquo;autres sont ce que nous, chez Maino Industries, recherchons chez nos revendeurs : si vous \u00eates int\u00e9ress\u00e9, contactez-nous pour plus d&rsquo;informations !<\/p>\n","protected":false},"author":1,"featured_media":0,"parent":0,"menu_order":0,"comment_status":"closed","ping_status":"closed","template":"template-container.php","meta":{"_acf_changed":false,"footnotes":""},"class_list":["post-27382","page","type-page","status-publish","hentry"],"acf":[],"_links":{"self":[{"href":"https:\/\/maino.it\/fr\/wp-json\/wp\/v2\/pages\/27382","targetHints":{"allow":["GET"]}}],"collection":[{"href":"https:\/\/maino.it\/fr\/wp-json\/wp\/v2\/pages"}],"about":[{"href":"https:\/\/maino.it\/fr\/wp-json\/wp\/v2\/types\/page"}],"author":[{"embeddable":true,"href":"https:\/\/maino.it\/fr\/wp-json\/wp\/v2\/users\/1"}],"replies":[{"embeddable":true,"href":"https:\/\/maino.it\/fr\/wp-json\/wp\/v2\/comments?post=27382"}],"version-history":[{"count":0,"href":"https:\/\/maino.it\/fr\/wp-json\/wp\/v2\/pages\/27382\/revisions"}],"wp:attachment":[{"href":"https:\/\/maino.it\/fr\/wp-json\/wp\/v2\/media?parent=27382"}],"curies":[{"name":"wp","href":"https:\/\/api.w.org\/{rel}","templated":true}]}}