{"id":27358,"date":"2021-02-11T19:09:53","date_gmt":"2021-02-11T18:09:53","guid":{"rendered":"https:\/\/maino.it\/cookie-policy\/"},"modified":"2021-06-08T17:00:19","modified_gmt":"2021-06-08T15:00:19","slug":"cookie-policy","status":"publish","type":"page","link":"https:\/\/maino.it\/fr\/cookie-policy\/","title":{"rendered":"Cookie Policy"},"content":{"rendered":"\n<h1 class=\"wp-block-heading\">Politique sur les cookies<\/h1>\n\n\n\n<p>Nous ne collectons pas directement les cookies, ils nous n&rsquo;int\u00e9ressent pas; qui visite nos pages est parce qu&rsquo;ils nous ont recherch\u00e9s ou recherchaient nos produits. Dans nos pages, il peut y avoir des liens vers d&rsquo;autres syst\u00e8mes informatiques, sites et services Internet qui sont situ\u00e9s en dehors de notre site et qui peuvent collecter des cookies, pour lesquels nous ne sommes pas responsables. Leur politique de gestion des cookies est trait\u00e9e et g\u00e9r\u00e9e par eux directement, donc en cliquant sur n&rsquo;importe quelle vid\u00e9o dans nos pages et\/ou en regardant une vid\u00e9o et\/ou en t\u00e9l\u00e9chargeant d&rsquo;autres documents li\u00e9s ou en effectuant toute autre op\u00e9ration faisant r\u00e9f\u00e9rence \u00e0 l&rsquo;ext\u00e9rieur de nos pages et de notre espace web , le fournisseur de ce service sera responsable de g\u00e9rer la collecte et la confidentialit\u00e9 des cookies.<\/p>\n","protected":false},"excerpt":{"rendered":"<p>Politique sur les cookies Nous ne collectons pas directement les cookies, ils nous n&rsquo;int\u00e9ressent pas; qui visite nos pages est parce qu&rsquo;ils nous ont recherch\u00e9s ou recherchaient nos produits. Dans nos pages, il peut y avoir des liens vers d&rsquo;autres syst\u00e8mes informatiques, sites et services Internet qui sont situ\u00e9s en dehors de notre site et [&hellip;]<\/p>\n","protected":false},"author":1,"featured_media":0,"parent":0,"menu_order":0,"comment_status":"closed","ping_status":"closed","template":"template-container.php","meta":{"_acf_changed":false,"footnotes":""},"class_list":["post-27358","page","type-page","status-publish","hentry"],"acf":[],"_links":{"self":[{"href":"https:\/\/maino.it\/fr\/wp-json\/wp\/v2\/pages\/27358","targetHints":{"allow":["GET"]}}],"collection":[{"href":"https:\/\/maino.it\/fr\/wp-json\/wp\/v2\/pages"}],"about":[{"href":"https:\/\/maino.it\/fr\/wp-json\/wp\/v2\/types\/page"}],"author":[{"embeddable":true,"href":"https:\/\/maino.it\/fr\/wp-json\/wp\/v2\/users\/1"}],"replies":[{"embeddable":true,"href":"https:\/\/maino.it\/fr\/wp-json\/wp\/v2\/comments?post=27358"}],"version-history":[{"count":0,"href":"https:\/\/maino.it\/fr\/wp-json\/wp\/v2\/pages\/27358\/revisions"}],"wp:attachment":[{"href":"https:\/\/maino.it\/fr\/wp-json\/wp\/v2\/media?parent=27358"}],"curies":[{"name":"wp","href":"https:\/\/api.w.org\/{rel}","templated":true}]}}