{"id":27354,"date":"2021-01-21T22:20:34","date_gmt":"2021-01-21T21:20:34","guid":{"rendered":"https:\/\/maino.it\/domande-frequenti\/"},"modified":"2022-07-26T14:12:19","modified_gmt":"2022-07-26T12:12:19","slug":"questions-frequentes","status":"publish","type":"page","link":"https:\/\/maino.it\/fr\/questions-frequentes\/","title":{"rendered":"Questions fr\u00e9quentes"},"content":{"rendered":"\n<h2 class=\"has-text-align-center wp-block-heading\">Questions fr\u00e9quentes<\/h2>\n\n\n<section class=\"faq\">\n        <div class=\"container\">\n        <div class=\"accordion\" id=\"accordionFaq\"><div class=\"row\">                        <div class=\"col-12 col-lg-8 offset-lg-2 mb-2\">\n                        <div class=\"card\">\n                            <div class=\"card-header\" id=\"heading0\">\n                                <button class=\"text-gray text-left \" type=\"button\" data-toggle=\"collapse\" data-target=\"#collapse0\" aria-expanded=\"true\" aria-controls=\"collapse0\">\n                                Exp\u00e9dition marchandises                                <\/button>\n                            <\/div>\n\n                            <div id=\"collapse0\" class=\"collapse show\" aria-labelledby=\"heading0\" data-parent=\"#accordionFaq\">\n                            <div class=\"card-body\">\n                                <p>Si le mat\u00e9riel command\u00e9 est en stock, il sera exp\u00e9di\u00e9 dans les 24 \u00e0 48 heures \u00e0 compter de la confirmation du paiement \u00ab\u00a0la date de cr\u00e9dit sur notre compte\u00a0\u00bb. Si un achat est effectu\u00e9 mais le paiement n&rsquo;est pas re\u00e7u imm\u00e9diatement et entre-temps l&rsquo;article choisi a d\u00e9j\u00e0 \u00e9t\u00e9 vendu, exp\u00e9di\u00e9 et\/ou n&rsquo;est plus temporairement disponible, la prochaine exp\u00e9dition aura lieu d\u00e8s qu&rsquo;il sera \u00e0 nouveau disponible (en moyenne \u00e0 partir de 2 \u00e0 8 jours ouvr\u00e9s).<\/p>\n                            <\/div>\n                            <\/div>\n                        <\/div>\n                        <\/div>      \n                                        <div class=\"col-12 col-lg-8 offset-lg-2 mb-2\">\n                        <div class=\"card\">\n                            <div class=\"card-header\" id=\"heading1\">\n                                <button class=\"text-gray text-left collapsed\" type=\"button\" data-toggle=\"collapse\" data-target=\"#collapse1\" aria-expanded=\"true\" aria-controls=\"collapse1\">\n                                Guide pratique pour l&rsquo;incubation des \u0153ufs                                <\/button>\n                            <\/div>\n\n                            <div id=\"collapse1\" class=\"collapse \" aria-labelledby=\"heading1\" data-parent=\"#accordionFaq\">\n                            <div class=\"card-body\">\n                                <p>Beaucoup nous demandent comment r\u00e9aliser une bonne \u00e9closion.<\/p>\n<p>Notre premier conseil est de suivre la notice d&rsquo;utilisation fournie avec la couveuse \u00ab\u00a0le fruit de notre exp\u00e9rience de plus de 70 ans\u00a0\u00bb, tandis que le second conseil est de ne pas accorder beaucoup d&rsquo;importance \u00e0 ce que l&rsquo;on peut trouver sur le web, car souvent il s&rsquo;agit d&rsquo;exp\u00e9riences personnelles pleines d&rsquo;informations pas beaucoup fiables.<\/p>\n<p><strong>Pour mieux aider ceux qui veulent obtenir de bons r\u00e9sultats, nous avons pr\u00e9par\u00e9 ce <\/strong><strong>vade mecum<\/strong><strong>:<\/strong><\/p>\n<p><strong>Qualit\u00e9 des \u0153ufs:<br \/>\n<\/strong>Pour de meilleurs r\u00e9sultats d&rsquo;\u00e9closion, vous ne devez ins\u00e9rer que des \u0153ufs \u00e0 couver de la m\u00eame taille et de la m\u00eame race; en incubant diff\u00e9rents types de races en m\u00eame temps, une r\u00e9duction du r\u00e9sultat d&rsquo;\u00e9closion est attendue.<\/p>\n<p>N&rsquo;introduisez pas d&rsquo;\u0153ufs trop gros mais pas trop petits, pas trop pointus ou trop ronds car ces alt\u00e9rations peuvent affaiblir les poussins.<\/p>\n<p>Les \u0153ufs \u00e0 incuber doivent \u00eatre propres mais pas lav\u00e9s \u00e0 l&rsquo;eau, une brosse pas trop rugueuse suffit pour enlever les r\u00e9sidus d&rsquo;excr\u00e9ments et autres salissures \u00e9ventuellement pr\u00e9sentes. Les \u0153ufs \u00e0 coquille rugueuse doivent \u00e9galement \u00eatre jet\u00e9s car ils contiennent trop de calcium, ce qui emp\u00eache les embryons de se d\u00e9velopper uniform\u00e9ment, provoquant leur mort pr\u00e9matur\u00e9e.<\/p>\n<p>Le r\u00e9gime alimentaire des reproducteurs est \u00e0 consid\u00e9rer comme p\u00e9remptoire et non discutable afin d&rsquo;obtenir des \u0153ufs charg\u00e9s en oligo-\u00e9l\u00e9ments, prot\u00e9ines et vitamines qui permettent un d\u00e9veloppement correct de l&#8217;embryon. De plus, en p\u00e9riode hivernale, il faut faire attention au gel et tout \u0153uf expos\u00e9 et non ramass\u00e9 \u00e0 temps doit \u00eatre jet\u00e9.<\/p>\n<p><strong>Pr\u00e9paration des \u0153ufs<\/strong><strong>:<br \/>\n<\/strong>Fondamentalement, les \u0153ufs corrects pour une incubation artificielle ne doivent pas avoir moins de 24 heures apr\u00e8s leur ponte, MAIS ils ne doivent m\u00eame pas \u00eatre \u00e2g\u00e9s de plus de 7 jours apr\u00e8s la ponte. S&rsquo;ils sont plus \u00e2g\u00e9s, le pourcentage du r\u00e9sultat d&rsquo;\u00e9closion est consid\u00e9rablement r\u00e9duit, cela se produit en raison du stress auquel les embryons ont \u00e9t\u00e9 expos\u00e9s et auront moins de vitalit\u00e9, un contexte qui mettra l&rsquo;accent n\u00e9gativement sur les \u00e9tapes de d\u00e9veloppement, conduisant \u00e0 la mort pr\u00e9matur\u00e9e de l&#8217;embryon dans l&rsquo;\u0153uf.<\/p>\n<p>Par cons\u00e9quent, les \u0153ufs qui peuvent atteindre le meilleur taux d&rsquo;\u00e9closion ne doivent pas \u00eatre stock\u00e9s plus de 7 jours apr\u00e8s la ponte.<\/p>\n<p>La temp\u00e9rature en degr\u00e9s Celsius id\u00e9ale de l&rsquo;environnement de stockage est de 12 \u00e0 18 degr\u00e9s, avec une humidit\u00e9 relative de 45 \u00e0 75 %.<\/p>\n<p>Avant d&rsquo;ins\u00e9rer les \u0153ufs dans l&rsquo;incubateur, ils doivent \u00eatre acclimat\u00e9s, en les gardant pendant au moins 12 heures dans un environnement entre 22 et 28 degr\u00e9s, exactement le m\u00eame environnement o\u00f9 l&rsquo;incubateur doit \u00eatre install\u00e9. En introduisant les \u0153ufs sans acclimatation pr\u00e9alable, une condensation d&rsquo;humidit\u00e9 pourrait se former sur la coquille de l&rsquo;\u0153uf, un probl\u00e8me qu&rsquo;il ne faut pas sous-estimer, car cela peut entra\u00eener des maladies et une r\u00e9duction drastique du pourcentage d&rsquo;\u00e9closion.<\/p>\n<p><strong>Contr\u00f4le de l&rsquo;humidit\u00e9:<\/strong><br \/>\nPendant <u>la seule p\u00e9riode d&rsquo;incubation<\/u>, l&rsquo;\u0153uf* doit perdre 15% de son poids initial, la gestion de l&rsquo;humidit\u00e9 permet d&rsquo;\u00e9viter que l&rsquo;\u0153uf ne perde trop ou trop peu de poids. Pendant l&rsquo;incubation, l&rsquo;humidit\u00e9 est assez d\u00e9finie et se situe entre 40% et 50%.<\/p>\n<p>Les derniers jours de l&rsquo;\u00e9closion* les embryons qui sont sur le point de sortir de l&rsquo;\u0153uf, pour \u00e9viter de se coller \u00e0 l&rsquo;int\u00e9rieur de la coquille, ont besoin d&rsquo;un environnement plus humide \u00ab\u00a0mais pas trop\u00a0\u00bb donc le taux d&rsquo;humidit\u00e9 de la machine doit \u00eatre ad\u00e9quat et augment\u00e9 de 60% \u00e0 65% mais pas au-del\u00e0. Un taux d&rsquo;humidit\u00e9 autre que celui indiqu\u00e9 ci-dessus peut affecter n\u00e9gativement l&rsquo;\u00e9closion des \u0153ufs.<\/p>\n<p>Maintenir un taux d&rsquo;humidit\u00e9 ad\u00e9quat \u00e0 l&rsquo;int\u00e9rieur de l&rsquo;incubateur est assez simple, il l&rsquo;est encore plus en choisissant d&rsquo;associer la machine \u00e0 l&rsquo;humidificateur automatique sp\u00e9cial MAINO R1469B.<\/p>\n<p>Suivez attentivement les instructions fournies et <u>tenez compte des caract\u00e9ristiques climatiques de l&rsquo;endroit o\u00f9 vous vous trouvez<\/u> car celles-ci affecteront directement le fonctionnement global de la machine, exemple pratique: L&rsquo;humidit\u00e9 de l&rsquo;environnement a un impact direct sur l&rsquo;humidit\u00e9 n\u00e9cessaire \u00e0 l&rsquo;incubation et modifie les param\u00e8tres internes de la machine. S&rsquo;elle est \u00e9lev\u00e9, la valeur \u00e0 l&rsquo;int\u00e9rieur de la machine augmente, ce qui pourrait d\u00e9passer les donn\u00e9es correctes; tandis que s&rsquo;elle est faible, la valeur \u00e0 l&rsquo;int\u00e9rieur de la machine diminue, ce qui pourrait tomber en dessous des donn\u00e9es correctes.<\/p>\n<p>V\u00e9rifiez p\u00e9riodiquement le niveau d&rsquo;eau dans les bacs \u00e0 eau, assurez-vous qu&rsquo;il y a toujours de l&rsquo;eau, sinon les \u0153ufs pourraient en \u00eatre affect\u00e9s.<br \/>\n<i>Veuillez noter<\/i><em>: En pr\u00e9sence de climats humides, par cons\u00e9quent \u00e9galement \u00e0 l&rsquo;int\u00e9rieur de la machine il peut \u00eatre n\u00e9cessaire d&rsquo;\u00e9liminer toute l&rsquo;eau afin de maintenir une valeur appropri\u00e9e &#8211; parfois m\u00eame cette option ne suffit pas &#8211; dans ce cas, en l&rsquo;absence de d\u00e9shumidificateur, rien ne peut \u00eatre fait.<br \/>\nD&rsquo;autre part, avec des climats secs, vous pouvez avoir du mal \u00e0 maintenir l&rsquo;humidit\u00e9, dans ce cas vous pouvez aider l&rsquo;\u00e9vaporation en logeant des \u00e9ponges immerg\u00e9es dans l&rsquo;eau, les \u00e9ponges augmenteront la surface d&rsquo;\u00e9vaporation et en m\u00eame temps l&rsquo;humidit\u00e9 de la machine.<\/em><\/p>\n<p>En l&rsquo;absence de sonde d&rsquo;humidit\u00e9 pr\u00e9install\u00e9e, si vous souhaitez utiliser un compteur, n&rsquo;en utilisez qu&rsquo;un sp\u00e9cialement con\u00e7u pour les incubateurs, car tout autre pourrait s&rsquo;av\u00e9rer inadapt\u00e9 et entra\u00eener une mauvaise gestion du cycle d&rsquo;incubation et d&rsquo;\u00e9closion.<\/p>\n<p><em>* la p\u00e9riode d&rsquo;incubation et d&rsquo;\u00e9closion varie selon le type d&rsquo;\u0153uf.<\/em><\/p>\n<p><strong>Insertion <\/strong><strong>des \u0153ufs<\/strong><strong>:<\/strong><br \/>\nSi l&rsquo;incubateur est \u00e9quip\u00e9 d&rsquo;un tiroir basculant, les \u0153ufs doivent \u00eatre ins\u00e9r\u00e9s en respectant la r\u00e8gle de la pointe vers le bas, car dans la partie la plus ronde oppos\u00e9e \u00e0 la pointe se trouve la chambre \u00e0 air qui permet \u00e0 l&#8217;embryon de respirer, en ins\u00e9rant les \u0153ufs avec la pointe vers le haut les r\u00e9sultats pourraient \u00eatre catastrophiques.<\/p>\n<p>Si l&rsquo;incubateur est \u00e9quip\u00e9 d&rsquo;un tiroir coulissant, les \u0153ufs doivent \u00eatre ins\u00e9r\u00e9s horizontalement.<\/p>\n<p>Si l&rsquo;incubateur ne dispose pas d&rsquo;un syst\u00e8me de retournement automatique des \u0153ufs, avant d&rsquo;ins\u00e9rer les \u0153ufs, marquez-les avec le rep\u00e8re X sur un c\u00f4t\u00e9 de la coquille (utilisez un crayon graphite) puis placez-les horizontalement dans l&rsquo;espace d\u00e9di\u00e9 avec le rep\u00e8re X \u00e0 droite.<\/p>\n<p><strong>Retournement <\/strong><strong>des \u0153ufs<\/strong><strong>:<\/strong><br \/>\nLes \u0153ufs doivent \u00eatre tourn\u00e9s au moins 4 fois par jour pendant la p\u00e9riode d&rsquo;incubation uniquement (pendant l&rsquo;\u00e9closion, il ne faut plus les tourner). Le retournement des \u0153ufs sert \u00e0 maintenir bien amalgam\u00e9s les divers liquides nourriciers et \u00e0 emp\u00eacher l&#8217;embryon se d\u00e9veloppant toujours dans la m\u00eame position de cro\u00eetre sans une partie de peau et de plumes. Le retournement sert aussi \u00e0 une meilleure \u00e9quit\u00e9 climatique autour de l&rsquo;\u0153uf.<\/p>\n<p>Si la machine dispose d&rsquo;un syst\u00e8me de retournement automatique des \u0153ufs, il vous suffit de vous assurer que vous avez accroch\u00e9 le tiroir au servom\u00e9canisme appropri\u00e9, tandis que s&rsquo;elle ne dispose pas d&rsquo;un syst\u00e8me automatique, vous les aurez marqu\u00e9s du signe X et apr\u00e8s 4 heures d&rsquo;insertion il faut les tourner \u00e0 gauche, apr\u00e8s encore 4 heures \u00e0 droite et ainsi de suite toutes les 4 heures (la nuit peut \u00eatre \u00e9vit\u00e9e).<\/p>\n<p>L&rsquo;exp\u00e9rience nous dit que si les \u0153ufs sont tourn\u00e9s plusieurs fois et m\u00eame la nuit, de meilleurs r\u00e9sultats sont obtenus. Depuis 1980, toutes nos machines sont \u00e9quip\u00e9es d&rsquo;un syst\u00e8me de retournement automatique des \u0153ufs qui les fait tourner sans arr\u00eat \u00e0 tr\u00e8s basse vitesse, garantissant ce qui est d\u00e9crit ci-dessus.<\/p>\n<p><strong><span style=\"font-family: Liberation Serif, serif;\">\u00c9<\/span><\/strong><strong>closion:<br \/>\n<\/strong>Pendant la p\u00e9riode d&rsquo;\u00e9closion* les \u0153ufs ne doivent plus \u00eatre touch\u00e9s ni tourn\u00e9s, car les embryons se d\u00e9placent de mani\u00e8re autonome dans la bonne position du per\u00e7age des \u0153ufs et s&rsquo;ils sont tourn\u00e9s, ils ne l&rsquo;atteindront malheureusement jamais, mourant \u00e0 l&rsquo;int\u00e9rieur des \u0153ufs.<\/p>\n<p>L&rsquo;incubateur doit rester ferm\u00e9 pendant toute la p\u00e9riode d&rsquo;\u00e9closion, pour maintenir \u00e0 la fois la temp\u00e9rature et l&rsquo;humidit\u00e9 (en l&rsquo;ouvrant, le climat appropri\u00e9 est dispers\u00e9 et l&rsquo;\u00e9closion s&rsquo;arr\u00eate). Si l&rsquo;incubateur n&rsquo;est pas \u00e9quip\u00e9 d&rsquo;un panier d&rsquo;\u00e9closion adapt\u00e9 et le syst\u00e8me de retournement des \u0153ufs est toujours actif, il suffit de retirer compl\u00e8tement la grille de retournement des \u0153ufs en laissant les \u0153ufs sur le filet inf\u00e9rieur.<\/p>\n<p>Ne retirez pas les poussins \u00e9clos de l&rsquo;incubateur jusqu&rsquo;\u00e0 ce qu&rsquo;ils soient compl\u00e8tement secs et que la p\u00e9riode totale soit expir\u00e9e, ne vous inqui\u00e9tez pas, les poussins ont absorb\u00e9 les nutriments n\u00e9cessaires \u00e0 leur subsistance du sac vitellin et peuvent attendre que le temps se termine; nous r\u00e9p\u00e9tons, laissez les poussins d\u00e9j\u00e0 n\u00e9s \u00e0 l&rsquo;int\u00e9rieur de la machine!<br \/>\nLes poussins peuvent survivre sans boire ni manger pendant trois jours ou plut\u00f4t ils r\u00e9absorbent mieux le sac vitelline ce qui les rendra plus forts et plus r\u00e9sistants et aussi parce qu&rsquo;il est scientifiquement \u00e9tabli que la pr\u00e9sence de poussins d\u00e9j\u00e0 n\u00e9s qui bougent, respirent et gazouillent \u00ab\u00a0\u00e0 l&rsquo;int\u00e9rieur de la machine entre autres \u0153ufs\u00a0\u00bb stimule ceux qui sont encore \u00e0 l&rsquo;int\u00e9rieur de la coquille \u00e0 sortir.<\/p>\n<p><strong>Temp\u00e9ratures et humidit\u00e9s d\u2019incubation\/\u00e9closion<\/strong><strong>:<\/strong><br \/>\nChaque type d&rsquo;\u0153uf a des p\u00e9riodes d&rsquo;\u00e9closion diff\u00e9rentes et \u00e9galement des param\u00e8tres climatiques diff\u00e9rents pour l&rsquo;incubation et l&rsquo;\u00e9closion, les param\u00e8tres corrects peuvent \u00eatre trouv\u00e9s dans le tableau appropri\u00e9 dans le manuel d&rsquo;utilisation de votre incubateur.<\/p>\n<p><em>Bon travail.<\/em><\/p>\n                            <\/div>\n                            <\/div>\n                        <\/div>\n                        <\/div>      \n                                        <div class=\"col-12 col-lg-8 offset-lg-2 mb-2\">\n                        <div class=\"card\">\n                            <div class=\"card-header\" id=\"heading2\">\n                                <button class=\"text-gray text-left collapsed\" type=\"button\" data-toggle=\"collapse\" data-target=\"#collapse2\" aria-expanded=\"true\" aria-controls=\"collapse2\">\n                                Difficolt\u00e9 d&rsquo;\u00e9closion                                <\/button>\n                            <\/div>\n\n                            <div id=\"collapse2\" class=\"collapse \" aria-labelledby=\"heading2\" data-parent=\"#accordionFaq\">\n                            <div class=\"card-body\">\n                                <p>Gardez toujours \u00e0 l&rsquo;esprit que l&rsquo;incubateur est une machine. C&rsquo;est une machine, elle n&rsquo;a pas de fonctions de dialogue avec l&rsquo;utilisateur ni d&rsquo;apprentissage vers les diff\u00e9rents param\u00e8tres entr\u00e9s par l&rsquo;utilisateur, vers le climat ext\u00e9rieur et m\u00eame pas vers les \u0153ufs incub\u00e9s. Par cons\u00e9quent, l&rsquo;exp\u00e9rience personnelle de l&rsquo;utilisateur est toujours fondamentale pour la bonne La temp\u00e9rature et l&rsquo;humidit\u00e9 d&rsquo;incubation et d&rsquo;\u00e9closion peuvent \u00eatre trouv\u00e9es dans le tableau dans la notice d&rsquo;utilisation de la machine. Les informations contenues dans la notice d&rsquo;utilisation sont le r\u00e9sultat de plus de 70 ans d&rsquo;exp\u00e9rience en tests et essais de la soci\u00e9t\u00e9 MAINO, mais aussi d&rsquo;autant de recherches men\u00e9es par nos collaborateurs \u00e9leveurs, v\u00e9t\u00e9rinaires et scientifiques. En appliquant ce que nous avons d\u00e9crit, de bons r\u00e9sultats sont obtenus et comme toujours, l&rsquo;exp\u00e9rience personnelle est essentielle pour la bonne r\u00e9ussite des naissances.r\u00e9ussite des naissances.<\/p>\n                            <\/div>\n                            <\/div>\n                        <\/div>\n                        <\/div>      \n                                        <div class=\"col-12 col-lg-8 offset-lg-2 mb-2\">\n                        <div class=\"card\">\n                            <div class=\"card-header\" id=\"heading3\">\n                                <button class=\"text-gray text-left collapsed\" type=\"button\" data-toggle=\"collapse\" data-target=\"#collapse3\" aria-expanded=\"true\" aria-controls=\"collapse3\">\n                                Temp\u00e9rature et humidit\u00e9 ambiantes                                <\/button>\n                            <\/div>\n\n                            <div id=\"collapse3\" class=\"collapse \" aria-labelledby=\"heading3\" data-parent=\"#accordionFaq\">\n                            <div class=\"card-body\">\n                                <p>La temp\u00e9rature et l&rsquo;humidit\u00e9 de la place o\u00f9 l&rsquo;incubateur et\/ou l&rsquo;\u00e9closoir est install\u00e9 doivent \u00eatre stables et dans les limites autoris\u00e9es: Temp\u00e9rature entre 18 et 28 degr\u00e9s centigrades et humidit\u00e9 relative entre 40 et 65 pour cent. Les incubateurs, pour assurer une bonne oxyg\u00e9nation et l&rsquo;\u00e9limination du dioxyde de carbone, sont pourvus d&rsquo;un \u00e9change d&rsquo;air avec le milieu ext\u00e9rieur, donc des valeurs externes diff\u00e9rentes, inf\u00e9rieures ou sup\u00e9rieures \u00e0 celles indiqu\u00e9es ci-dessus conduiront \u00e0 des dysfonctionnements et des probl\u00e8mes de naissances.<\/p>\n                            <\/div>\n                            <\/div>\n                        <\/div>\n                        <\/div>      \n                                        <div class=\"col-12 col-lg-8 offset-lg-2 mb-2\">\n                        <div class=\"card\">\n                            <div class=\"card-header\" id=\"heading4\">\n                                <button class=\"text-gray text-left collapsed\" type=\"button\" data-toggle=\"collapse\" data-target=\"#collapse4\" aria-expanded=\"true\" aria-controls=\"collapse4\">\n                                Temp\u00e9rature et humidit\u00e9 d&rsquo;incubation et d&rsquo;\u00e9closion                                <\/button>\n                            <\/div>\n\n                            <div id=\"collapse4\" class=\"collapse \" aria-labelledby=\"heading4\" data-parent=\"#accordionFaq\">\n                            <div class=\"card-body\">\n                                <p>La temp\u00e9rature et l&rsquo;humidit\u00e9 d&rsquo;incubation et d&rsquo;\u00e9closion peuvent \u00eatre trouv\u00e9es dans le tableau dans la notice d&rsquo;utilisation de la machine. Les informations contenues dans la notice d&rsquo;utilisation sont le r\u00e9sultat de plus de 70 ans d&rsquo;exp\u00e9rience en tests et essais de la soci\u00e9t\u00e9 MAINO, mais aussi d&rsquo;autant de recherches men\u00e9es par nos collaborateurs \u00e9leveurs, v\u00e9t\u00e9rinaires et scientifiques. En appliquant ce que nous avons d\u00e9crit, de bons r\u00e9sultats sont obtenus et comme toujours, l&rsquo;exp\u00e9rience personnelle est essentielle pour la bonne r\u00e9ussite des naissances.<\/p>\n                            <\/div>\n                            <\/div>\n                        <\/div>\n                        <\/div>      \n                <\/div><\/div>        <\/div>\n    <\/div>\n<\/section>\n\n\n  \n  \n<\/div>","protected":false},"excerpt":{"rendered":"<p>Questions fr\u00e9quentes<\/p>\n","protected":false},"author":1,"featured_media":0,"parent":0,"menu_order":0,"comment_status":"closed","ping_status":"closed","template":"template-container.php","meta":{"_acf_changed":false,"footnotes":""},"class_list":["post-27354","page","type-page","status-publish","hentry"],"acf":[],"_links":{"self":[{"href":"https:\/\/maino.it\/fr\/wp-json\/wp\/v2\/pages\/27354","targetHints":{"allow":["GET"]}}],"collection":[{"href":"https:\/\/maino.it\/fr\/wp-json\/wp\/v2\/pages"}],"about":[{"href":"https:\/\/maino.it\/fr\/wp-json\/wp\/v2\/types\/page"}],"author":[{"embeddable":true,"href":"https:\/\/maino.it\/fr\/wp-json\/wp\/v2\/users\/1"}],"replies":[{"embeddable":true,"href":"https:\/\/maino.it\/fr\/wp-json\/wp\/v2\/comments?post=27354"}],"version-history":[{"count":0,"href":"https:\/\/maino.it\/fr\/wp-json\/wp\/v2\/pages\/27354\/revisions"}],"wp:attachment":[{"href":"https:\/\/maino.it\/fr\/wp-json\/wp\/v2\/media?parent=27354"}],"curies":[{"name":"wp","href":"https:\/\/api.w.org\/{rel}","templated":true}]}}