{"id":27151,"date":"2020-12-27T21:35:57","date_gmt":"2021-01-11T21:31:03","guid":{"rendered":"https:\/\/maino.it\/cataloghi\/"},"modified":"2021-05-24T16:38:33","modified_gmt":"2021-05-24T14:38:33","slug":"catalogues","status":"publish","type":"page","link":"https:\/\/maino.it\/fr\/catalogues\/","title":{"rendered":"Catalogues"},"content":{"rendered":"\n<div class=\"wp-block-group\"><div class=\"wp-block-group__inner-container is-layout-flow wp-block-group-is-layout-flow\">\n<h4 class=\"has-light-color has-text-color wp-block-heading\">Catalogues<\/h4>\n\n\n\n<h1 class=\"wp-block-heading\">Les catalogues Maino Industries<\/h1>\n\n\n\n<p>Le catalogue <strong>Maino Industries<\/strong> comprend quatre cat\u00e9gories de produits: incubateurs et \u00e9closoirs, mat\u00e9riel d&rsquo;abattage, accessoires pour l&rsquo;\u00e9levage et l&rsquo;innovation O3M by Maino. Le tout avec la qualit\u00e9 et l&rsquo;attention qui nous ont toujours distingu\u00e9s et que nous souhaitons apporter \u00e0 chacun de nos produits.<\/p>\n<\/div><\/div>\n\n\n\n<div class=\"wp-block-group alignwide\"><div class=\"wp-block-group__inner-container is-layout-flow wp-block-group-is-layout-flow\">\n<div style=\"height:50px\" aria-hidden=\"true\" class=\"wp-block-spacer\"><\/div>\n\n\n\n<hr class=\"wp-block-separator\"\/>\n<\/div><\/div>\n\n\n<section class=\"cataloghi\">\n    <div class=\"container\">\n        <div class=\"row\">\n                            <div class=\"col-12 col-sm-6 col-lg-3 mb-lg-0 mb-4\">\n                    <a href=\"#\" target=\"_blank\" class=\"cataloghi-single text-center d-block\"><div class=\"cataloghi-single-inner\">\n                        <div class=\"cataloghi-img position-relative\"><img loading=\"lazy\" decoding=\"async\" width=\"393\" height=\"557\" src=\"\" class=\"attachment-catalogo-retina size-catalogo-retina lazyload img-fluid w-100\" alt=\"\" srcset=\"https:\/\/maino.it\/wp-content\/uploads\/2021\/02\/allevamento-catalogo.jpg 393w, https:\/\/maino.it\/wp-content\/uploads\/2021\/02\/allevamento-catalogo-212x300.jpg 212w, https:\/\/maino.it\/wp-content\/uploads\/2021\/02\/allevamento-catalogo-300x425.jpg 300w, https:\/\/maino.it\/wp-content\/uploads\/2021\/02\/allevamento-catalogo-262x371.jpg 262w, https:\/\/maino.it\/wp-content\/uploads\/2021\/02\/allevamento-catalogo-131x186.jpg 131w\" sizes=\"auto, (max-width: 393px) 100vw, 393px\" data-src=\"https:\/\/maino.it\/wp-content\/uploads\/2021\/02\/allevamento-catalogo.jpg\" \/><div class=\"cataloghi-single-triangolo\" style=\"border-color: transparent transparent transparent #cb131f;\"><\/div><\/div><h4 class=\"text-uppercase\" style=\"color:#cb131f\">INCUBATEURS ET ECLOSOIRS<\/h4><\/div>\n                    <\/a>\n                <\/div>      \n                            <div class=\"col-12 col-sm-6 col-lg-3 mb-lg-0 mb-4\">\n                    <a href=\"#\" target=\"_blank\" class=\"cataloghi-single text-center d-block\"><div class=\"cataloghi-single-inner\">\n                        <div class=\"cataloghi-img position-relative\"><img loading=\"lazy\" decoding=\"async\" width=\"393\" height=\"557\" src=\"\" class=\"attachment-catalogo-retina size-catalogo-retina lazyload img-fluid w-100\" alt=\"\" srcset=\"https:\/\/maino.it\/wp-content\/uploads\/2021\/02\/macellazione-catalogo.jpg 393w, https:\/\/maino.it\/wp-content\/uploads\/2021\/02\/macellazione-catalogo-212x300.jpg 212w, https:\/\/maino.it\/wp-content\/uploads\/2021\/02\/macellazione-catalogo-300x425.jpg 300w, https:\/\/maino.it\/wp-content\/uploads\/2021\/02\/macellazione-catalogo-262x371.jpg 262w, https:\/\/maino.it\/wp-content\/uploads\/2021\/02\/macellazione-catalogo-131x186.jpg 131w\" sizes=\"auto, (max-width: 393px) 100vw, 393px\" data-src=\"https:\/\/maino.it\/wp-content\/uploads\/2021\/02\/macellazione-catalogo.jpg\" \/><div class=\"cataloghi-single-triangolo\" style=\"border-color: transparent transparent transparent #7400a2;\"><\/div><\/div><h4 class=\"text-uppercase\" style=\"color:#7400a2\">MATERIEL D&rsquo;ABATTAGE<\/h4><\/div>\n                    <\/a>\n                <\/div>      \n                            <div class=\"col-12 col-sm-6 col-lg-3 mb-lg-0 mb-4\">\n                    <a href=\"#\" target=\"_blank\" class=\"cataloghi-single text-center d-block\"><div class=\"cataloghi-single-inner\">\n                        <div class=\"cataloghi-img position-relative\"><img loading=\"lazy\" decoding=\"async\" width=\"393\" height=\"557\" src=\"\" class=\"attachment-catalogo-retina size-catalogo-retina lazyload img-fluid w-100\" alt=\"\" srcset=\"https:\/\/maino.it\/wp-content\/uploads\/2021\/02\/accesori-catalogo.jpg 393w, https:\/\/maino.it\/wp-content\/uploads\/2021\/02\/accesori-catalogo-212x300.jpg 212w, https:\/\/maino.it\/wp-content\/uploads\/2021\/02\/accesori-catalogo-300x425.jpg 300w, https:\/\/maino.it\/wp-content\/uploads\/2021\/02\/accesori-catalogo-262x371.jpg 262w, https:\/\/maino.it\/wp-content\/uploads\/2021\/02\/accesori-catalogo-131x186.jpg 131w\" sizes=\"auto, (max-width: 393px) 100vw, 393px\" data-src=\"https:\/\/maino.it\/wp-content\/uploads\/2021\/02\/accesori-catalogo.jpg\" \/><div class=\"cataloghi-single-triangolo\" style=\"border-color: transparent transparent transparent #cb131f;\"><\/div><\/div><h4 class=\"text-uppercase\" style=\"color:#cb131f\">ACCESSOIRES POUR L&rsquo;ELEVAGE<\/h4><\/div>\n                    <\/a>\n                <\/div>      \n                            <div class=\"col-12 col-sm-6 col-lg-3 mb-lg-0 mb-4\">\n                    <a href=\"#\" target=\"_blank\" class=\"cataloghi-single text-center d-block\"><div class=\"cataloghi-single-inner\">\n                        <div class=\"cataloghi-img position-relative\"><img loading=\"lazy\" decoding=\"async\" width=\"393\" height=\"557\" src=\"\" class=\"attachment-catalogo-retina size-catalogo-retina lazyload img-fluid w-100\" alt=\"\" srcset=\"https:\/\/maino.it\/wp-content\/uploads\/2021\/02\/ozono-catalogo.jpg 393w, https:\/\/maino.it\/wp-content\/uploads\/2021\/02\/ozono-catalogo-212x300.jpg 212w, https:\/\/maino.it\/wp-content\/uploads\/2021\/02\/ozono-catalogo-300x425.jpg 300w, https:\/\/maino.it\/wp-content\/uploads\/2021\/02\/ozono-catalogo-262x371.jpg 262w, https:\/\/maino.it\/wp-content\/uploads\/2021\/02\/ozono-catalogo-131x186.jpg 131w\" sizes=\"auto, (max-width: 393px) 100vw, 393px\" data-src=\"https:\/\/maino.it\/wp-content\/uploads\/2021\/02\/ozono-catalogo.jpg\" \/><div class=\"cataloghi-single-triangolo\" style=\"border-color: transparent transparent transparent #1179ec;\"><\/div><\/div><h4 class=\"text-uppercase\" style=\"color:#1179ec\">O3M by MAINO \u2013<br \/>\r\nGENERATEURS D&rsquo;OZONE<\/h4><\/div>\n                    <\/a>\n                <\/div>      \n                    <\/div>\n    <\/div>\n<\/section>\n\n<section class=\"rivenditore triangle\">\n        <div class=\"rivenditore-bg lazyload\" style=\"background-image:url('https:\/\/maino.it\/wp-content\/uploads\/2021\/01\/background-illustration-1-300x94.png')\" data-src=\"https:\/\/maino.it\/wp-content\/uploads\/2021\/01\/background-illustration-1-1920x601.png\"><\/div>\n    <div class=\"container\">\n        \n                        <div class=\"text-center\">\n                <h4 class=\"text-light\">Un nouveau Produit<\/h4><div><p class=\"p1\">Le d\u00e9sir de collaborer activement pour le changement, en investissant toujours et uniquement dans des produits de la plus haute qualit\u00e9 et 100% Fabriqu\u00e9s en Italie. Ces raisons et bien d&rsquo;autres sont ce que nous, chez <strong>Maino Industries<\/strong>, recherchons chez nos revendeurs : si vous \u00eates int\u00e9ress\u00e9, contactez-nous pour plus d&rsquo;informations !<\/p>\n<\/div><a class=\"btn btn-primary mt-3\" href=\"https:\/\/maino.it\/fr\/prodotto\/spiumetta\/\" target=\"_blank\" title=\"SPIUMETTA\">SPIUMETTA<\/a>            <\/div>\n    <\/div>\n<\/section>\n","protected":false},"excerpt":{"rendered":"<p>Catalogues Les catalogues Maino Industries Le catalogue Maino Industries comprend quatre cat\u00e9gories de produits: incubateurs et \u00e9closoirs, mat\u00e9riel d&rsquo;abattage, accessoires pour l&rsquo;\u00e9levage et l&rsquo;innovation O3M by Maino. Le tout avec la qualit\u00e9 et l&rsquo;attention qui nous ont toujours distingu\u00e9s et que nous souhaitons apporter \u00e0 chacun de nos produits.<\/p>\n","protected":false},"author":1,"featured_media":0,"parent":0,"menu_order":0,"comment_status":"closed","ping_status":"closed","template":"","meta":{"_acf_changed":false,"footnotes":""},"class_list":["post-27151","page","type-page","status-publish","hentry"],"acf":[],"_links":{"self":[{"href":"https:\/\/maino.it\/fr\/wp-json\/wp\/v2\/pages\/27151","targetHints":{"allow":["GET"]}}],"collection":[{"href":"https:\/\/maino.it\/fr\/wp-json\/wp\/v2\/pages"}],"about":[{"href":"https:\/\/maino.it\/fr\/wp-json\/wp\/v2\/types\/page"}],"author":[{"embeddable":true,"href":"https:\/\/maino.it\/fr\/wp-json\/wp\/v2\/users\/1"}],"replies":[{"embeddable":true,"href":"https:\/\/maino.it\/fr\/wp-json\/wp\/v2\/comments?post=27151"}],"version-history":[{"count":0,"href":"https:\/\/maino.it\/fr\/wp-json\/wp\/v2\/pages\/27151\/revisions"}],"wp:attachment":[{"href":"https:\/\/maino.it\/fr\/wp-json\/wp\/v2\/media?parent=27151"}],"curies":[{"name":"wp","href":"https:\/\/api.w.org\/{rel}","templated":true}]}}