{"id":27397,"date":"2020-12-27T21:35:57","date_gmt":"2021-01-11T20:35:57","guid":{"rendered":"https:\/\/maino.it\/privacy-policy\/"},"modified":"2021-06-16T11:49:41","modified_gmt":"2021-06-16T09:49:41","slug":"politica-privacidad","status":"publish","type":"page","link":"https:\/\/maino.it\/es\/politica-privacidad\/","title":{"rendered":"Pol\u00edtica de Privacidad"},"content":{"rendered":"\n<h1 class=\"wp-block-heading\">Pol\u00edtica de Privacidad<\/h1>\n\n\n\n<p>Estimado Cliente,<\/p>\n\n\n\n<p>para MAINO INDUSTRIES S.N.C. la protecci\u00f3n de sus datos personales es un principio que va m\u00e1s all\u00e1 de las obligaciones legales. Por este motivo hemos revisado nuestra informaci\u00f3n sobre Protecci\u00f3n de Datos Personales y hemos reforzado nuestro sistema de gesti\u00f3n para garantizar que sus datos sean tratados de forma segura y evitar que sean divulgados a terceros no autorizados.<\/p>\n\n\n\n<p><strong>MAINO INDUSTRIES S.N.C. nunca vender\u00e1 sus datos a terceros.<\/strong><\/p>\n\n\n\n<p>Las ofertas comerciales que ofrecemos a nuestros clientes est\u00e1n dise\u00f1adas para satisfacer sus necesidades y ofrecer el mejor y m\u00e1s conveniente servicio. En nuestra Pol\u00edtica de Privacidad le indicamos cu\u00e1les son sus derechos y c\u00f3mo puede ejercerlos, qu\u00e9 datos recopilamos y con qu\u00e9 finalidades. Puede leer la informaci\u00f3n a continuaci\u00f3n. Si por el momento no contamos con tu consentimiento para enviarte comunicaciones relativas a ofertas personalizadas y \u00faltimas novedades y est\u00e1s interesado, escr\u00edbenos y actualizaremos tu formulario de datos personales.<\/p>\n\n\n\n<p>Te recordamos que, en cualquier momento puedes solicitar cualquier modificaci\u00f3n y \/ o cancelaci\u00f3n parcial y \/ o total, cambiar tus preferencias y consentimiento. Con esta actualizaci\u00f3n, satisfacemos la necesidad de protecci\u00f3n de la privacidad, que sienten cada vez m\u00e1s los ciudadanos europeos, y cumplimos con el nuevo Reglamento de la UE 2016\/679 (GDPR-RGPD) sobre la protecci\u00f3n de datos personales.<\/p>\n\n\n\n<p><strong>EL RGPD para MAINO INDUSTRIES S.N.C.<a href=\"https:\/\/maino.it\/\"> https:\/\/maino.it<\/a> editado por Alfredo Maino.<\/strong><\/p>\n\n\n\n<p>RGPD: reglamento RGPD; qu\u00e9 es, cu\u00e1ndo entra en vigor y qu\u00e9 cambios conlleva.<\/p>\n\n\n\n<p>1. <\/p>\n\n\n\n<ol class=\"wp-block-list\" id=\"block-66363b09-8862-464e-9faa-fa8ed0fb20ed\"><li>Qu\u00e9 es el RGPD.<\/li><li>Notas sobre datos personales, procesamiento de datos y sujetos involucrados.<\/li><li>Principales obligaciones exigidas por el RGPD.<\/li><li>Aspectos espec\u00edficos dentro de la plataforma inform\u00e1tica &#8211; tienda online.<\/li><li>Contenido incrustado de otros sitios web.<\/li><\/ol>\n\n\n\n<p>1. \u00bfQu\u00e9 es el RGPD? El RGPD (Reglamento general de protecci\u00f3n de datos) es el nuevo Reglamento general de protecci\u00f3n de datos (Reglamento de la UE 2016\/679). Fue emitido por la UE. Deber\u00eda haber entrado en vigor el 24\/05\/2016, sin embargo, la fecha de vigencia se ha pospuesto al 25\/05\/2018. Describe todos los requisitos necesarios para la implementaci\u00f3n de un sistema de gesti\u00f3n de protecci\u00f3n de datos y sirve para demostrar que los datos procesados \u200b\u200bhan sido adecuadamente protegidos. A diferencia del pasado (la legislaci\u00f3n italiana, como la \u00abLey de privacidad\u00bb, el Decreto Legislativo 196\/2003 o la ISO 27001\/2013, prev\u00e9n una lista de verificaci\u00f3n de obligaciones claras), el RGPD no indica r\u00e1pidamente c\u00f3mo proteger la informaci\u00f3n, pero pide poder para demostrar que los han protegido adecuadamente.<\/p>\n\n\n\n<p>2. Notas sobre los datos personales, sobre el tratamiento de los datos y sobre los sujetos involucrados: Qu\u00e9 son los datos personales Los datos personales son informaci\u00f3n que identifica o hace identificable a una persona f\u00edsica y que puede proporcionar detalles sobre sus caracter\u00edsticas, h\u00e1bitos, estilo de vida, su relaciones personales, su estado de salud, su situaci\u00f3n econ\u00f3mica, etc. Los datos personales incluyen: \u2022 datos identificativos: aquellos que permiten una identificaci\u00f3n directa, como los datos personales (por ejemplo: nombre y apellidos); \u2022 datos sensibles: aquellos que pueden revelar origen racial y \u00e9tnico, creencias religiosas, filos\u00f3ficas o de otro tipo, opiniones pol\u00edticas, pertenencia a partidos, sindicatos, asociaciones u organizaciones de car\u00e1cter religioso, filos\u00f3fico, pol\u00edtico o sindical, estado de salud y vida; datos judiciales: aquellos que puedan revelar la existencia de determinadas medidas judiciales sujetas a inscripci\u00f3n en los antecedentes penales (por ejemplo, condenas penales definitivas, libertad condicional, prohibici\u00f3n u obligaci\u00f3n de estancia, medidas alternativas a la detenci\u00f3n) o la calidad de imputado o sospechoso. Los sujetos implicados Propietario &#8211; Responsable &#8211; Interesado &#8211; Responsable \u2022 Interesado: es la persona f\u00edsica a la que se refieren los datos personales. Entonces, si un tratamiento se refiere, por ejemplo, a la direcci\u00f3n, el c\u00f3digo fiscal, etc. por Pippo Bianchi, esta persona es el \u00abinteresado\u00bb; \u2022 Titular: es la persona f\u00edsica, empresa, organismo p\u00fablico o privado, asociaci\u00f3n, etc., que se encarga de decidir sobre los fines y m\u00e9todos de tratamiento, as\u00ed como sobre las herramientas utilizadas; \u2022 Responsable: es la persona f\u00edsica, empresa, organismo p\u00fablico o privado, asociaci\u00f3n u organismo al que el titular encomienda, incluso fuera de su estructura organizativa, tareas espec\u00edficas y definidas de gesti\u00f3n y control del tratamiento de datos. La designaci\u00f3n del gerente es opcional. \u2022 Responsable: es la persona f\u00edsica que, en nombre del titular, procesa o utiliza materialmente los datos personales en base a las instrucciones recibidas del titular y \/ o responsable.<\/p>\n\n\n\n<p>3. Principales obligaciones exigidas por el RGPD: El responsable del tratamiento debe: \u25cf Definir qu\u00e9 datos se adquieren y c\u00f3mo, los fines para los que se recopilan y el per\u00edodo de conservaci\u00f3n (Pol\u00edtica de privacidad); \u25cf Analizar los riesgos a los que se est\u00e1 sometido a trav\u00e9s de una matriz de riesgo espec\u00edfica; \u25cf Elaborar el plan de seguridad con todos los procedimientos necesarios para hacer frente a los riesgos. \u25cf Facilitar a los clientes el ejercicio de los derechos previstos por la normativa; \u25cf implementar las siguientes medidas de seguridad: \u25cf seudonimizaci\u00f3n y \/ o cualquier cifrado de datos personales; &#8211; medidas que tengan la capacidad de garantizar la confidencialidad de forma permanente; &#8211; la integridad, disponibilidad y resiliencia de los sistemas y servicios de procesamiento; &#8211; medidas que tengan la capacidad de restaurar r\u00e1pidamente la disponibilidad y el acceso a los datos personales en caso de accidente f\u00edsico o t\u00e9cnico; &#8211; un procedimiento para probar, verificar y evaluar peri\u00f3dicamente la eficacia de las medidas t\u00e9cnicas y organizativas para garantizar la seguridad del tratamiento; \u25cf mantener un registro de las actividades de procesamiento, que contenga el nombre y los datos de contacto del controlador de datos, el representante del controlador y el gerente del controlador; los fines del procesamiento; descripci\u00f3n de las categor\u00edas de sujetos de datos y de las categor\u00edas de datos personales, categor\u00edas de destinatarios de datos, transferencia de datos a terceros pa\u00edses u organizaciones internacionales, plazos para la eliminaci\u00f3n de datos, descripci\u00f3n de las medidas de seguridad t\u00e9cnicas y organizativas. \u25cf comprobar si existen las condiciones para la designaci\u00f3n de un DPO (Delegado de protecci\u00f3n de datos). De acuerdo con el Reglamento (art\u00edculo 37), la designaci\u00f3n del RPD es obligatoria: (a) si el tratamiento lo lleva a cabo una autoridad p\u00fablica o un organismo p\u00fablico, con excepci\u00f3n de las autoridades judiciales en el ejercicio de funciones judiciales ; o (b) si las actividades principales del propietario o administrador consisten en un procesamiento que requiere un control regular y sistem\u00e1tico de los interesados \u200b\u200ba gran escala; o (c) si las actividades principales del responsable o encargado del tratamiento consisten en el tratamiento a gran escala de categor\u00edas particulares de datos o datos personales relacionados con condenas y delitos penales. \u25cf designar a todos los sujetos involucrados en el procesamiento de datos: gerente de procesamiento de datos externo (si est\u00e1 presente, por ejemplo, contador, consultor laboral \u2026); nombrar a las personas a cargo, si est\u00e1n presentes, con un acuerdo de confidencialidad espec\u00edfico (por ejemplo, empleados o colaboradores), nombrar al DPO si es necesario; \u25cf Formar a los responsables del tratamiento de datos.<\/p>\n\n\n\n<p>4. Aspectos espec\u00edficos dentro de la plataforma inform\u00e1tica &#8211; tienda online: MAINO INDUSTRIES S.N.C. es el controlador de datos de los datos adquiridos a trav\u00e9s del sitio web www.maino.it (por ejemplo, datos proporcionados por los clientes al crear la cuenta para la compra). \u25cf MAINO INDUSTRIES S.N.C. es designado por los clientes (controladores de datos) como administrador externo de los datos que se cargan en el hosting, servidor, nube\u2026. En este caso, las actividades que MAINO INDUSTRIES S.N.C. o sus responsables est\u00e1n bien definidos dentro del contrato de nombramiento (que contiene todas las especificaciones a seguir, incluidas las medidas de seguridad adoptadas).<\/p>\n\n\n\n<p>5.\u00a0Contenido incrustado de otros sitios web: solo si est\u00e1n presentes, algunos art\u00edculos en el sitio web de MAINO pueden incluir contenido con enlaces al exterior (por ejemplo, videos, im\u00e1genes, art\u00edculos, etc.). Cualquier contenido incrustado en otros sitios web se comporta exactamente de la misma manera que si el visitante hubiera visitado otro sitio web. Estos sitios web (como Gravatar https:\/\/automattic.com\/privacy\/, pero tambi\u00e9n Google, Amazon, Youtube, etc. con sus respectivas p\u00e1ginas de referencia de privacidad, etc. \u2026) podr\u00edan recopilar datos de visitantes, utilizar cookies, integrar realizar un seguimiento adicional de terceros y supervisar la interacci\u00f3n con dicho contenido incrustado, incluido el seguimiento de la interacci\u00f3n con el contenido incrustado, ya sea que sea un visitante o un usuario con una cuenta o no de ese sitio web.<\/p>\n\n\n\n<p>\u00a1Gracias! \u00bfPreguntas? Escribir a <span \n                data-original-string='GGBIx62489BkoIBRXGxobQ==be1RiX8Xq7iJ9OHyQJPNLnXDb5ePJ5gy6hCflw5RgPjbvo='\n                class='apbct-email-encoder'\n                title='Este contacto ha sido codificado por Anti-Spam by CleanTalk. Haz clic para decodificar. Para finalizar la decodificaci\u00f3n, aseg\u00farate de que JavaScript est\u00e1 activado en tu navegador.'>al<span class=\"apbct-blur\">*****<\/span>@<span class=\"apbct-blur\">***<\/span>no.it<\/span><\/p>\n\n\n\n<p><\/p>\n","protected":false},"excerpt":{"rendered":"<p>Pol\u00edtica de Privacidad Estimado Cliente, para MAINO INDUSTRIES S.N.C. la protecci\u00f3n de sus datos personales es un principio que va m\u00e1s all\u00e1 de las obligaciones legales. Por este motivo hemos revisado nuestra informaci\u00f3n sobre Protecci\u00f3n de Datos Personales y hemos reforzado nuestro sistema de gesti\u00f3n para garantizar que sus datos sean tratados de forma segura [&hellip;]<\/p>\n","protected":false},"author":1,"featured_media":0,"parent":0,"menu_order":0,"comment_status":"closed","ping_status":"closed","template":"template-container.php","meta":{"_acf_changed":false,"footnotes":""},"class_list":["post-27397","page","type-page","status-publish","hentry"],"acf":[],"_links":{"self":[{"href":"https:\/\/maino.it\/es\/wp-json\/wp\/v2\/pages\/27397","targetHints":{"allow":["GET"]}}],"collection":[{"href":"https:\/\/maino.it\/es\/wp-json\/wp\/v2\/pages"}],"about":[{"href":"https:\/\/maino.it\/es\/wp-json\/wp\/v2\/types\/page"}],"author":[{"embeddable":true,"href":"https:\/\/maino.it\/es\/wp-json\/wp\/v2\/users\/1"}],"replies":[{"embeddable":true,"href":"https:\/\/maino.it\/es\/wp-json\/wp\/v2\/comments?post=27397"}],"version-history":[{"count":0,"href":"https:\/\/maino.it\/es\/wp-json\/wp\/v2\/pages\/27397\/revisions"}],"wp:attachment":[{"href":"https:\/\/maino.it\/es\/wp-json\/wp\/v2\/media?parent=27397"}],"curies":[{"name":"wp","href":"https:\/\/api.w.org\/{rel}","templated":true}]}}